{"id":518,"date":"2024-07-11T05:46:23","date_gmt":"2024-07-11T05:46:23","guid":{"rendered":"http:\/\/varmed.local\/?page_id=518"},"modified":"2024-07-11T05:53:26","modified_gmt":"2024-07-11T05:53:26","slug":"contacto","status":"publish","type":"page","link":"https:\/\/www.construccionesvarmed.com\/en\/contacto\/","title":{"rendered":"Contact"},"content":{"rendered":"<div class=\"wp-block-contact-form-7-contact-form-selector\">\n<div class=\"wpcf7 no-js\" id=\"wpcf7-f520-o1\" lang=\"es-ES\" dir=\"ltr\">\n<div class=\"screen-reader-response\"><p role=\"status\" aria-live=\"polite\" aria-atomic=\"true\"><\/p> <ul><\/ul><\/div>\n<form action=\"\/en\/wp-json\/wp\/v2\/pages\/518#wpcf7-f520-o1\" method=\"post\" class=\"wpcf7-form init\" aria-label=\"Formulario de contacto\" novalidate=\"novalidate\" data-status=\"init\" data-trp-original-action=\"\/en\/wp-json\/wp\/v2\/pages\/518#wpcf7-f520-o1\">\n<div style=\"display: none;\">\n<input type=\"hidden\" name=\"_wpcf7\" value=\"520\" \/>\n<input type=\"hidden\" name=\"_wpcf7_version\" value=\"5.9.8\" \/>\n<input type=\"hidden\" name=\"_wpcf7_locale\" value=\"es_ES\" \/>\n<input type=\"hidden\" name=\"_wpcf7_unit_tag\" value=\"wpcf7-f520-o1\" \/>\n<input type=\"hidden\" name=\"_wpcf7_container_post\" value=\"0\" \/>\n<input type=\"hidden\" name=\"_wpcf7_posted_data_hash\" value=\"\" \/>\n<\/div>\n<div class=\"row\">\n\t<div class=\"col-12 col-xl-10 offset-xl-1\">\n\t\t<div class=\"row\">\n\t\t\t<div class=\"col-12 col-xl-10 offset-xl-1\">\n\t\t\t\t<h1 class=\"text-center fs-60 fs-m-25\">Send us a message\n\t\t\t\t<\/h1>\n\t\t\t<\/div>\n\t\t\t<div class=\"col-12 col-xl-10 offset-xl-1 mb-5\">\n\t\t\t\t<p class=\"text-center prompt-light fs-m-16\">For any additional inquiries about our services, please send us a message through the following form, and we will get in touch with you.\n\t\t\t\t<\/p>\n\t\t\t<\/div>\n\t\t\t<div class=\"col-12 col-lg-6 mb-2 mb-lg-4\">\n\t\t\t\t<p><label class=\"w-100 prompt-semibold color-blue fs-25 fs-m-16\"> Name<br \/>\n<span class=\"wpcf7-form-control-wrap\" data-name=\"your-name\"><input size=\"40\" maxlength=\"400\" class=\"wpcf7-form-control wpcf7-text wpcf7-validates-as-required\" aria-required=\"true\" aria-invalid=\"false\" placeholder=\"Juan\" value=\"\" type=\"text\" name=\"your-name\" \/><\/span><br \/>\n<\/label>\n\t\t\t\t<\/p>\n\t\t\t<\/div>\n\t\t\t<div class=\"col-12 col-lg-6 mb-2 mb-lg-4\">\n\t\t\t\t<p><label class=\"w-100 prompt-semibold color-blue fs-25 fs-m-16\"> Email<br \/>\n<span class=\"wpcf7-form-control-wrap\" data-name=\"your-email\"><input size=\"40\" maxlength=\"400\" class=\"wpcf7-form-control wpcf7-email wpcf7-validates-as-required wpcf7-text wpcf7-validates-as-email\" aria-required=\"true\" aria-invalid=\"false\" placeholder=\"juan@gmail.com\" value=\"\" type=\"email\" name=\"your-email\" \/><\/span><br \/>\n<\/label>\n\t\t\t\t<\/p>\n\t\t\t<\/div>\n\t\t\t<div class=\"col-12 col-lg-6 mb-2 mb-lg-4\">\n\t\t\t\t<p><label class=\"w-100 prompt-semibold color-blue fs-25 fs-m-16\"> Subject<br \/>\n<span class=\"wpcf7-form-control-wrap\" data-name=\"your-subject\"><input size=\"40\" maxlength=\"400\" class=\"wpcf7-form-control wpcf7-text wpcf7-validates-as-required\" aria-required=\"true\" aria-invalid=\"false\" placeholder=\"Quote\" value=\"\" type=\"text\" name=\"your-subject\" \/><\/span><br \/>\n<\/label>\n\t\t\t\t<\/p>\n\t\t\t<\/div>\n\t\t\t<div class=\"col-12 col-lg-6 mb-2 mb-lg-4\">\n\t\t\t\t<p><label class=\"w-100 prompt-semibold color-blue fs-25 fs-m-16\"> Phone<br \/>\n<span class=\"wpcf7-form-control-wrap\" data-name=\"your-phone\"><input size=\"40\" maxlength=\"400\" class=\"wpcf7-form-control wpcf7-tel wpcf7-validates-as-required wpcf7-text wpcf7-validates-as-tel\" aria-required=\"true\" aria-invalid=\"false\" placeholder=\"+507 0000 0000\" value=\"\" type=\"tel\" name=\"your-phone\" \/><\/span><br \/>\n<\/label>\n\t\t\t\t<\/p>\n\t\t\t<\/div>\n\t\t\t<div class=\"col-12 mb-2 mb-lg-4\">\n\t\t\t\t<p><label class=\"w-100 prompt-semibold color-blue fs-25 fs-m-16\"> Message<br \/>\n<span class=\"wpcf7-form-control-wrap\" data-name=\"your-message\"><textarea cols=\"40\" rows=\"10\" maxlength=\"2000\" class=\"wpcf7-form-control wpcf7-textarea\" aria-invalid=\"false\" placeholder=\"Write your message\" name=\"your-message\"><\/textarea><\/span><br \/>\n<\/label>\n\t\t\t\t<\/p>\n\t\t\t<\/div>\n\t\t\t<div class=\"col-12 col-lg-7 mb-4\">\n\t\t\t\t<p><span class=\"wpcf7-form-control-wrap\" data-name=\"term_and_conditions\"><span class=\"wpcf7-form-control wpcf7-acceptance\"><span class=\"wpcf7-list-item\"><label><input type=\"checkbox\" name=\"term_and_conditions\" value=\"1\" class=\"required\" aria-invalid=\"false\" \/><span class=\"wpcf7-list-item-label\">He le\u00eddo y acepto la <a class=\"color-blue\" href=\"https:\/\/www.construccionesvarmed.com\/wp-content\/uploads\/2024\/09\/politica-privacidad.pdf\" target=\"_blank\">pol\u00edtica de privacidad<\/a>.<\/span><\/label><\/span><\/span><\/span>\n\t\t\t\t<\/p>\n\t\t\t<\/div>\n\t\t\t<div class=\"col-12 col-lg-5 mb-5 text-center text-lg-end\">\n\t\t\t\t<p><input class=\"wpcf7-form-control wpcf7-submit has-spinner\" type=\"submit\" value=\"Send\" \/>\n\t\t\t\t<\/p>\n\t\t\t<\/div>\n\t\t<\/div>\n\t<\/div>\n<\/div><div class=\"wpcf7-response-output\" aria-hidden=\"true\"><\/div>\n<input type=\"hidden\" name=\"trp-form-language\" value=\"en\"\/><\/form>\n<\/div>\n<\/div>","protected":false},"excerpt":{"rendered":"","protected":false},"author":3,"featured_media":0,"parent":0,"menu_order":0,"comment_status":"closed","ping_status":"closed","template":"contact.php","meta":{"_acf_changed":false,"footnotes":""},"class_list":["post-518","page","type-page","status-publish","hentry"],"acf":[],"yoast_head":"<title>Contacto - Construcciones Varmed<\/title>\n<meta name=\"robots\" content=\"index, follow, max-snippet:-1, max-image-preview:large, max-video-preview:-1\" \/>\n<link rel=\"canonical\" href=\"https:\/\/www.construccionesvarmed.com\/en\/contacto\/\" \/>\n<meta property=\"og:locale\" content=\"en_US\" \/>\n<meta property=\"og:type\" content=\"article\" \/>\n<meta property=\"og:title\" content=\"Contacto - Construcciones Varmed\" \/>\n<meta property=\"og:url\" content=\"https:\/\/www.construccionesvarmed.com\/en\/contacto\/\" \/>\n<meta property=\"og:site_name\" content=\"Construcciones Varmed\" \/>\n<meta property=\"article:modified_time\" content=\"2024-07-11T05:53:26+00:00\" \/>\n<meta name=\"twitter:card\" content=\"summary_large_image\" \/>\n<script type=\"application\/ld+json\" class=\"yoast-schema-graph\">{\"@context\":\"https:\/\/schema.org\",\"@graph\":[{\"@type\":\"WebPage\",\"@id\":\"https:\/\/www.construccionesvarmed.com\/contacto\/\",\"url\":\"https:\/\/www.construccionesvarmed.com\/contacto\/\",\"name\":\"Contacto - Construcciones Varmed\",\"isPartOf\":{\"@id\":\"https:\/\/www.construccionesvarmed.com\/#website\"},\"datePublished\":\"2024-07-11T05:46:23+00:00\",\"dateModified\":\"2024-07-11T05:53:26+00:00\",\"breadcrumb\":{\"@id\":\"https:\/\/www.construccionesvarmed.com\/contacto\/#breadcrumb\"},\"inLanguage\":\"en-US\",\"potentialAction\":[{\"@type\":\"ReadAction\",\"target\":[\"https:\/\/www.construccionesvarmed.com\/contacto\/\"]}]},{\"@type\":\"BreadcrumbList\",\"@id\":\"https:\/\/www.construccionesvarmed.com\/contacto\/#breadcrumb\",\"itemListElement\":[{\"@type\":\"ListItem\",\"position\":1,\"name\":\"Home\",\"item\":\"https:\/\/www.construccionesvarmed.com\/\"},{\"@type\":\"ListItem\",\"position\":2,\"name\":\"Contacto\"}]},{\"@type\":\"WebSite\",\"@id\":\"https:\/\/www.construccionesvarmed.com\/#website\",\"url\":\"https:\/\/www.construccionesvarmed.com\/\",\"name\":\"Construcciones Varmed\",\"description\":\"Construcciones VARMED, empresa Paname\u00f1a certificada con operaci\u00f3n desde el a\u00f1o 2008, especializada en la planeaci\u00f3n, suministro y seguimiento de la mano de obra para la ejecuci\u00f3n de estructuras en concreto reforzado y alba\u00f1iler\u00eda.\",\"potentialAction\":[{\"@type\":\"SearchAction\",\"target\":{\"@type\":\"EntryPoint\",\"urlTemplate\":\"https:\/\/www.construccionesvarmed.com\/?s={search_term_string}\"},\"query-input\":\"required name=search_term_string\"}],\"inLanguage\":\"en-US\"}]}<\/script>","yoast_head_json":{"title":"Contacto - Construcciones Varmed","robots":{"index":"index","follow":"follow","max-snippet":"max-snippet:-1","max-image-preview":"max-image-preview:large","max-video-preview":"max-video-preview:-1"},"canonical":"https:\/\/www.construccionesvarmed.com\/en\/contacto\/","og_locale":"en_US","og_type":"article","og_title":"Contacto - Construcciones Varmed","og_url":"https:\/\/www.construccionesvarmed.com\/en\/contacto\/","og_site_name":"Construcciones Varmed","article_modified_time":"2024-07-11T05:53:26+00:00","twitter_card":"summary_large_image","schema":{"@context":"https:\/\/schema.org","@graph":[{"@type":"WebPage","@id":"https:\/\/www.construccionesvarmed.com\/contacto\/","url":"https:\/\/www.construccionesvarmed.com\/contacto\/","name":"Contacto - Construcciones Varmed","isPartOf":{"@id":"https:\/\/www.construccionesvarmed.com\/#website"},"datePublished":"2024-07-11T05:46:23+00:00","dateModified":"2024-07-11T05:53:26+00:00","breadcrumb":{"@id":"https:\/\/www.construccionesvarmed.com\/contacto\/#breadcrumb"},"inLanguage":"en-US","potentialAction":[{"@type":"ReadAction","target":["https:\/\/www.construccionesvarmed.com\/contacto\/"]}]},{"@type":"BreadcrumbList","@id":"https:\/\/www.construccionesvarmed.com\/contacto\/#breadcrumb","itemListElement":[{"@type":"ListItem","position":1,"name":"Home","item":"https:\/\/www.construccionesvarmed.com\/"},{"@type":"ListItem","position":2,"name":"Contacto"}]},{"@type":"WebSite","@id":"https:\/\/www.construccionesvarmed.com\/#website","url":"https:\/\/www.construccionesvarmed.com\/","name":"Construcciones Varmed","description":"Construcciones VARMED, empresa Paname\u00f1a certificada con operaci\u00f3n desde el a\u00f1o 2008, especializada en la planeaci\u00f3n, suministro y seguimiento de la mano de obra para la ejecuci\u00f3n de estructuras en concreto reforzado y alba\u00f1iler\u00eda.","potentialAction":[{"@type":"SearchAction","target":{"@type":"EntryPoint","urlTemplate":"https:\/\/www.construccionesvarmed.com\/?s={search_term_string}"},"query-input":"required name=search_term_string"}],"inLanguage":"en-US"}]}},"_links":{"self":[{"href":"https:\/\/www.construccionesvarmed.com\/en\/wp-json\/wp\/v2\/pages\/518"}],"collection":[{"href":"https:\/\/www.construccionesvarmed.com\/en\/wp-json\/wp\/v2\/pages"}],"about":[{"href":"https:\/\/www.construccionesvarmed.com\/en\/wp-json\/wp\/v2\/types\/page"}],"author":[{"embeddable":true,"href":"https:\/\/www.construccionesvarmed.com\/en\/wp-json\/wp\/v2\/users\/3"}],"replies":[{"embeddable":true,"href":"https:\/\/www.construccionesvarmed.com\/en\/wp-json\/wp\/v2\/comments?post=518"}],"version-history":[{"count":2,"href":"https:\/\/www.construccionesvarmed.com\/en\/wp-json\/wp\/v2\/pages\/518\/revisions"}],"predecessor-version":[{"id":521,"href":"https:\/\/www.construccionesvarmed.com\/en\/wp-json\/wp\/v2\/pages\/518\/revisions\/521"}],"wp:attachment":[{"href":"https:\/\/www.construccionesvarmed.com\/en\/wp-json\/wp\/v2\/media?parent=518"}],"curies":[{"name":"wp","href":"https:\/\/api.w.org\/{rel}","templated":true}]}}